{"id":513,"date":"2025-05-28T18:22:50","date_gmt":"2025-05-28T18:22:50","guid":{"rendered":"https:\/\/royalstyling.designersprescription.com\/?post_type=product&#038;p=513"},"modified":"2026-04-21T10:33:55","modified_gmt":"2026-04-21T10:33:55","slug":"espejo-dos-asas","status":"publish","type":"product","link":"https:\/\/wpt-rygz.67-225-196-36.cpanel.site\/en\/product\/espejo-dos-asas\/","title":{"rendered":"Espejo de Mano para Peluqueria con Asas"},"content":{"rendered":"<p>El espejo para barber\u00eda\u00a0 es un elemento escencial en cualquier barber\u00eda o salon de peluquer\u00eda profesional. Permite al barbero trabajar con prescici\u00f3n mientras ofrece al cliente una experiencia visual comoda y confiable.<\/p>","protected":false},"excerpt":{"rendered":"<p>El espejo para barber\u00eda\u00a0 es un elemento escencial en cualquier barber\u00eda o salon de peluquer\u00eda profesional. Permite al barbero trabajar con prescici\u00f3n mientras ofrece al cliente una experiencia visual comoda y confiable.<\/p>","protected":false},"featured_media":530,"comment_status":"open","ping_status":"closed","template":"","meta":{"_acf_changed":false,"inline_featured_image":false},"product_brand":[],"product_cat":[16],"product_tag":[],"class_list":{"0":"post-513","1":"product","2":"type-product","3":"status-publish","4":"has-post-thumbnail","6":"product_cat-accesorios","8":"first","9":"instock","10":"shipping-taxable","11":"purchasable","12":"product-type-simple"},"acf":[],"_links":{"self":[{"href":"https:\/\/wpt-rygz.67-225-196-36.cpanel.site\/en\/wp-json\/wp\/v2\/product\/513","targetHints":{"allow":["GET"]}}],"collection":[{"href":"https:\/\/wpt-rygz.67-225-196-36.cpanel.site\/en\/wp-json\/wp\/v2\/product"}],"about":[{"href":"https:\/\/wpt-rygz.67-225-196-36.cpanel.site\/en\/wp-json\/wp\/v2\/types\/product"}],"replies":[{"embeddable":true,"href":"https:\/\/wpt-rygz.67-225-196-36.cpanel.site\/en\/wp-json\/wp\/v2\/comments?post=513"}],"wp:featuredmedia":[{"embeddable":true,"href":"https:\/\/wpt-rygz.67-225-196-36.cpanel.site\/en\/wp-json\/wp\/v2\/media\/530"}],"wp:attachment":[{"href":"https:\/\/wpt-rygz.67-225-196-36.cpanel.site\/en\/wp-json\/wp\/v2\/media?parent=513"}],"wp:term":[{"taxonomy":"product_brand","embeddable":true,"href":"https:\/\/wpt-rygz.67-225-196-36.cpanel.site\/en\/wp-json\/wp\/v2\/product_brand?post=513"},{"taxonomy":"product_cat","embeddable":true,"href":"https:\/\/wpt-rygz.67-225-196-36.cpanel.site\/en\/wp-json\/wp\/v2\/product_cat?post=513"},{"taxonomy":"product_tag","embeddable":true,"href":"https:\/\/wpt-rygz.67-225-196-36.cpanel.site\/en\/wp-json\/wp\/v2\/product_tag?post=513"}],"curies":[{"name":"wp","href":"https:\/\/api.w.org\/{rel}","templated":true}]}}