{"id":313,"date":"2025-04-22T21:34:05","date_gmt":"2025-04-22T21:34:05","guid":{"rendered":"https:\/\/royalstyling.designersprescription.com\/?post_type=product&#038;p=313"},"modified":"2025-05-21T19:20:17","modified_gmt":"2025-05-21T19:20:17","slug":"shaving-gel-mentol","status":"publish","type":"product","link":"https:\/\/wpt-rygz.67-225-196-36.cpanel.site\/en\/product\/shaving-gel-mentol\/","title":{"rendered":"Shaving Gel Mentol 500 Ml."},"content":{"rendered":"<p>Productos dise\u00f1ados para suavizar el poro he hidratar para as\u00ed poder tener un afeitado preciso y refrescante sin da\u00f1ar la piel.<br \/>\nContiene: Agua, aloe vera, carbomero, trietalomida, aceite vitaminado.<\/p>","protected":false},"excerpt":{"rendered":"<p>Productos dise\u00f1ados para suavizar el poro he hidratar para as\u00ed poder tener un afeitado preciso y refrescante sin da\u00f1ar la piel. Contiene: Agua, aloe vera, carbomero, trietalomida, aceite vitaminado.<\/p>","protected":false},"featured_media":260,"comment_status":"open","ping_status":"closed","template":"","meta":{"_acf_changed":false,"inline_featured_image":false},"product_brand":[],"product_cat":[23],"product_tag":[],"class_list":{"0":"post-313","1":"product","2":"type-product","3":"status-publish","4":"has-post-thumbnail","6":"product_cat-shaving-gel","8":"first","9":"instock","10":"shipping-taxable","11":"purchasable","12":"product-type-simple"},"acf":[],"_links":{"self":[{"href":"https:\/\/wpt-rygz.67-225-196-36.cpanel.site\/en\/wp-json\/wp\/v2\/product\/313","targetHints":{"allow":["GET"]}}],"collection":[{"href":"https:\/\/wpt-rygz.67-225-196-36.cpanel.site\/en\/wp-json\/wp\/v2\/product"}],"about":[{"href":"https:\/\/wpt-rygz.67-225-196-36.cpanel.site\/en\/wp-json\/wp\/v2\/types\/product"}],"replies":[{"embeddable":true,"href":"https:\/\/wpt-rygz.67-225-196-36.cpanel.site\/en\/wp-json\/wp\/v2\/comments?post=313"}],"wp:featuredmedia":[{"embeddable":true,"href":"https:\/\/wpt-rygz.67-225-196-36.cpanel.site\/en\/wp-json\/wp\/v2\/media\/260"}],"wp:attachment":[{"href":"https:\/\/wpt-rygz.67-225-196-36.cpanel.site\/en\/wp-json\/wp\/v2\/media?parent=313"}],"wp:term":[{"taxonomy":"product_brand","embeddable":true,"href":"https:\/\/wpt-rygz.67-225-196-36.cpanel.site\/en\/wp-json\/wp\/v2\/product_brand?post=313"},{"taxonomy":"product_cat","embeddable":true,"href":"https:\/\/wpt-rygz.67-225-196-36.cpanel.site\/en\/wp-json\/wp\/v2\/product_cat?post=313"},{"taxonomy":"product_tag","embeddable":true,"href":"https:\/\/wpt-rygz.67-225-196-36.cpanel.site\/en\/wp-json\/wp\/v2\/product_tag?post=313"}],"curies":[{"name":"wp","href":"https:\/\/api.w.org\/{rel}","templated":true}]}}