{"id":307,"date":"2025-04-21T21:58:44","date_gmt":"2025-04-21T21:58:44","guid":{"rendered":"https:\/\/royalstyling.designersprescription.com\/?post_type=product&#038;p=307"},"modified":"2025-05-21T19:21:52","modified_gmt":"2025-05-21T19:21:52","slug":"after-shave-clacssic","status":"publish","type":"product","link":"https:\/\/wpt-rygz.67-225-196-36.cpanel.site\/en\/product\/after-shave-clacssic\/","title":{"rendered":"After Shave Classic 225 Ml."},"content":{"rendered":"<p>Te brinda la hidrataci\u00f3n necesaria para cauterizar el poro despu\u00e9s de un afeitado, protegiendo las \u00e1reas y refrescando cualquier irritaci\u00f3n, inflamaci\u00f3n y dolor cut\u00e1neo.<\/p>","protected":false},"excerpt":{"rendered":"<p>Te brinda la hidrataci\u00f3n necesaria para cauterizar el poro despu\u00e9s de un afeitado, protegiendo las \u00e1reas y refrescando cualquier irritaci\u00f3n, inflamaci\u00f3n y dolor cut\u00e1neo.<\/p>","protected":false},"featured_media":251,"comment_status":"open","ping_status":"closed","template":"","meta":{"_acf_changed":false,"inline_featured_image":false},"product_brand":[],"product_cat":[26],"product_tag":[],"class_list":{"0":"post-307","1":"product","2":"type-product","3":"status-publish","4":"has-post-thumbnail","6":"product_cat-after-shave","8":"first","9":"instock","10":"shipping-taxable","11":"purchasable","12":"product-type-simple"},"acf":[],"_links":{"self":[{"href":"https:\/\/wpt-rygz.67-225-196-36.cpanel.site\/en\/wp-json\/wp\/v2\/product\/307","targetHints":{"allow":["GET"]}}],"collection":[{"href":"https:\/\/wpt-rygz.67-225-196-36.cpanel.site\/en\/wp-json\/wp\/v2\/product"}],"about":[{"href":"https:\/\/wpt-rygz.67-225-196-36.cpanel.site\/en\/wp-json\/wp\/v2\/types\/product"}],"replies":[{"embeddable":true,"href":"https:\/\/wpt-rygz.67-225-196-36.cpanel.site\/en\/wp-json\/wp\/v2\/comments?post=307"}],"wp:featuredmedia":[{"embeddable":true,"href":"https:\/\/wpt-rygz.67-225-196-36.cpanel.site\/en\/wp-json\/wp\/v2\/media\/251"}],"wp:attachment":[{"href":"https:\/\/wpt-rygz.67-225-196-36.cpanel.site\/en\/wp-json\/wp\/v2\/media?parent=307"}],"wp:term":[{"taxonomy":"product_brand","embeddable":true,"href":"https:\/\/wpt-rygz.67-225-196-36.cpanel.site\/en\/wp-json\/wp\/v2\/product_brand?post=307"},{"taxonomy":"product_cat","embeddable":true,"href":"https:\/\/wpt-rygz.67-225-196-36.cpanel.site\/en\/wp-json\/wp\/v2\/product_cat?post=307"},{"taxonomy":"product_tag","embeddable":true,"href":"https:\/\/wpt-rygz.67-225-196-36.cpanel.site\/en\/wp-json\/wp\/v2\/product_tag?post=307"}],"curies":[{"name":"wp","href":"https:\/\/api.w.org\/{rel}","templated":true}]}}